{"id":29,"date":"2025-11-27T09:40:56","date_gmt":"2025-11-27T09:40:56","guid":{"rendered":"https:\/\/www.dietestseite.online\/?page_id=29"},"modified":"2026-01-31T11:00:18","modified_gmt":"2026-01-31T11:00:18","slug":"unsere-praxis","status":"publish","type":"page","link":"https:\/\/www.dietestseite.online\/?page_id=29","title":{"rendered":"Unsere Praxis"},"content":{"rendered":"\t\t<div data-elementor-type=\"wp-page\" data-elementor-id=\"29\" class=\"elementor elementor-29\">\n\t\t\t\t<div class=\"elementor-element elementor-element-6bb26db6 e-flex e-con-boxed e-con e-parent\" data-id=\"6bb26db6\" data-element_type=\"container\">\n\t\t\t\t\t<div class=\"e-con-inner\">\n\t\t\t\t<div class=\"elementor-element elementor-element-1befa80e elementor-widget elementor-widget-text-editor\" data-id=\"1befa80e\" data-element_type=\"widget\" data-widget_type=\"text-editor.default\">\n\t\t\t\t\t\t\t\t\t<h3 data-start=\"148\" data-end=\"208\">Unsere Praxis \u2013 gut erreichbar, modern und ruhig gelegen<\/h3>\n<p data-start=\"210\" data-end=\"461\">Die <strong data-start=\"214\" data-end=\"270\">Hausarztpraxis St. T\u00f6nis von dr. med. Matthias Horst<\/strong> befindet sich im Erdgeschoss des \u00c4rztehauses in der Ringstra\u00dfe 4 in 47918 T\u00f6nisvorst. Die Praxis ist gut erreichbar und bewusst so gestaltet, dass der Weg zu uns m\u00f6glichst unkompliziert ist.<\/p>\n<p data-start=\"463\" data-end=\"854\">Die R\u00e4umlichkeiten wurden umfassend modernisiert und freundlich neu gestaltet. Dabei haben wir besonderen Wert auf Barrierefreiheit und eine angenehme Atmosph\u00e4re gelegt. Die Praxis verf\u00fcgt \u00fcber einen ebenerdigen Zugang, ein Aufzug ist im \u00c4rztehaus vorhanden. Ein gro\u00dfz\u00fcgiger Wartebereich sowie moderne, funktionale Untersuchungsr\u00e4ume sorgen f\u00fcr einen ruhigen und strukturierten Praxisablauf.<\/p>\n<p data-start=\"856\" data-end=\"1180\">Unser Anspruch ist es, Ihnen einen Ort zu bieten, an dem Sie sich gut aufgehoben f\u00fchlen \u2013 ohne Hektik, ohne unn\u00f6tige Umwege. Ganz gleich, ob Sie wegen akuter Beschwerden kommen, zur Vorsorgeuntersuchung oder zur regelm\u00e4\u00dfigen Kontrolle: Wir m\u00f6chten, dass Sie sich medizinisch gut betreut und menschlich ernst genommen f\u00fchlen.<\/p>\n<p><!-- \/wp:html --><\/p>\t\t\t\t\t\t\t\t<\/div>\n\t\t\t\t\t<\/div>\n\t\t\t\t<\/div>\n\t\t\t\t<\/div>\n\t\t","protected":false},"excerpt":{"rendered":"<p>Unsere Praxis \u2013 gut erreichbar, modern und ruhig gelegen Die Hausarztpraxis St. T\u00f6nis von dr. med. Matthias Horst befindet sich im Erdgeschoss des \u00c4rztehauses in der Ringstra\u00dfe 4 in 47918 T\u00f6nisvorst. Die Praxis ist gut erreichbar und bewusst so gestaltet, dass der Weg zu uns m\u00f6glichst unkompliziert ist. Die R\u00e4umlichkeiten wurden umfassend modernisiert und freundlich [&hellip;]<\/p>\n","protected":false},"author":1,"featured_media":0,"parent":0,"menu_order":0,"comment_status":"closed","ping_status":"closed","template":"","meta":{"footnotes":""},"class_list":["post-29","page","type-page","status-publish","hentry"],"blocksy_meta":[],"yoast_head":"<!-- This site is optimized with the Yoast SEO plugin v26.6 - https:\/\/yoast.com\/wordpress\/plugins\/seo\/ -->\n<title>Unsere Praxis - dr. med. Matthias Horst \u2013 Facharzt f\u00fcr Innere Medizin<\/title>\n<meta name=\"robots\" content=\"noindex, follow, max-snippet:-1, max-image-preview:large, max-video-preview:-1\" \/>\n<meta property=\"og:locale\" content=\"de_DE\" \/>\n<meta property=\"og:type\" content=\"article\" \/>\n<meta property=\"og:title\" content=\"Unsere Praxis - dr. med. Matthias Horst \u2013 Facharzt f\u00fcr Innere Medizin\" \/>\n<meta property=\"og:description\" content=\"Unsere Praxis \u2013 gut erreichbar, modern und ruhig gelegen Die Hausarztpraxis St. T\u00f6nis von dr. med. Matthias Horst befindet sich im Erdgeschoss des \u00c4rztehauses in der Ringstra\u00dfe 4 in 47918 T\u00f6nisvorst. Die Praxis ist gut erreichbar und bewusst so gestaltet, dass der Weg zu uns m\u00f6glichst unkompliziert ist. Die R\u00e4umlichkeiten wurden umfassend modernisiert und freundlich [&hellip;]\" \/>\n<meta property=\"og:url\" content=\"https:\/\/www.dietestseite.online\/?page_id=29\" \/>\n<meta property=\"og:site_name\" content=\"dr. med. Matthias Horst \u2013 Facharzt f\u00fcr Innere Medizin\" \/>\n<meta property=\"article:modified_time\" content=\"2026-01-31T11:00:18+00:00\" \/>\n<meta name=\"twitter:card\" content=\"summary_large_image\" \/>\n<meta name=\"twitter:label1\" content=\"Gesch\u00e4tzte Lesezeit\" \/>\n\t<meta name=\"twitter:data1\" content=\"1\u00a0Minute\" \/>\n<script type=\"application\/ld+json\" class=\"yoast-schema-graph\">{\"@context\":\"https:\/\/schema.org\",\"@graph\":[{\"@type\":\"WebPage\",\"@id\":\"https:\/\/www.dietestseite.online\/?page_id=29\",\"url\":\"https:\/\/www.dietestseite.online\/?page_id=29\",\"name\":\"Unsere Praxis - dr. med. Matthias Horst \u2013 Facharzt f\u00fcr Innere Medizin\",\"isPartOf\":{\"@id\":\"https:\/\/www.dietestseite.online\/#website\"},\"datePublished\":\"2025-11-27T09:40:56+00:00\",\"dateModified\":\"2026-01-31T11:00:18+00:00\",\"breadcrumb\":{\"@id\":\"https:\/\/www.dietestseite.online\/?page_id=29#breadcrumb\"},\"inLanguage\":\"de\",\"potentialAction\":[{\"@type\":\"ReadAction\",\"target\":[\"https:\/\/www.dietestseite.online\/?page_id=29\"]}]},{\"@type\":\"BreadcrumbList\",\"@id\":\"https:\/\/www.dietestseite.online\/?page_id=29#breadcrumb\",\"itemListElement\":[{\"@type\":\"ListItem\",\"position\":1,\"name\":\"Startseite\",\"item\":\"https:\/\/www.dietestseite.online\/\"},{\"@type\":\"ListItem\",\"position\":2,\"name\":\"Unsere Praxis\"}]},{\"@type\":\"WebSite\",\"@id\":\"https:\/\/www.dietestseite.online\/#website\",\"url\":\"https:\/\/www.dietestseite.online\/\",\"name\":\"dr. med. Matthias Horst \u2013 Facharzt f\u00fcr Innere Medizin\",\"description\":\"dr. med. Matthias Horst \u2013 Facharzt f\u00fcr Innere Medizin\",\"publisher\":{\"@id\":\"https:\/\/www.dietestseite.online\/#organization\"},\"potentialAction\":[{\"@type\":\"SearchAction\",\"target\":{\"@type\":\"EntryPoint\",\"urlTemplate\":\"https:\/\/www.dietestseite.online\/?s={search_term_string}\"},\"query-input\":{\"@type\":\"PropertyValueSpecification\",\"valueRequired\":true,\"valueName\":\"search_term_string\"}}],\"inLanguage\":\"de\"},{\"@type\":\"Organization\",\"@id\":\"https:\/\/www.dietestseite.online\/#organization\",\"name\":\"dr. med. Matthias Horst \u2013 Facharzt f\u00fcr Innere Medizin\",\"url\":\"https:\/\/www.dietestseite.online\/\",\"logo\":{\"@type\":\"ImageObject\",\"inLanguage\":\"de\",\"@id\":\"https:\/\/www.dietestseite.online\/#\/schema\/logo\/image\/\",\"url\":\"https:\/\/www.dietestseite.online\/wp-content\/uploads\/2025\/11\/logo1.png\",\"contentUrl\":\"https:\/\/www.dietestseite.online\/wp-content\/uploads\/2025\/11\/logo1.png\",\"width\":555,\"height\":133,\"caption\":\"dr. med. Matthias Horst \u2013 Facharzt f\u00fcr Innere Medizin\"},\"image\":{\"@id\":\"https:\/\/www.dietestseite.online\/#\/schema\/logo\/image\/\"}}]}<\/script>\n<!-- \/ Yoast SEO plugin. -->","yoast_head_json":{"title":"Unsere Praxis - dr. med. Matthias Horst \u2013 Facharzt f\u00fcr Innere Medizin","robots":{"index":"noindex","follow":"follow","max-snippet":"max-snippet:-1","max-image-preview":"max-image-preview:large","max-video-preview":"max-video-preview:-1"},"og_locale":"de_DE","og_type":"article","og_title":"Unsere Praxis - dr. med. Matthias Horst \u2013 Facharzt f\u00fcr Innere Medizin","og_description":"Unsere Praxis \u2013 gut erreichbar, modern und ruhig gelegen Die Hausarztpraxis St. T\u00f6nis von dr. med. Matthias Horst befindet sich im Erdgeschoss des \u00c4rztehauses in der Ringstra\u00dfe 4 in 47918 T\u00f6nisvorst. Die Praxis ist gut erreichbar und bewusst so gestaltet, dass der Weg zu uns m\u00f6glichst unkompliziert ist. Die R\u00e4umlichkeiten wurden umfassend modernisiert und freundlich [&hellip;]","og_url":"https:\/\/www.dietestseite.online\/?page_id=29","og_site_name":"dr. med. Matthias Horst \u2013 Facharzt f\u00fcr Innere Medizin","article_modified_time":"2026-01-31T11:00:18+00:00","twitter_card":"summary_large_image","twitter_misc":{"Gesch\u00e4tzte Lesezeit":"1\u00a0Minute"},"schema":{"@context":"https:\/\/schema.org","@graph":[{"@type":"WebPage","@id":"https:\/\/www.dietestseite.online\/?page_id=29","url":"https:\/\/www.dietestseite.online\/?page_id=29","name":"Unsere Praxis - dr. med. Matthias Horst \u2013 Facharzt f\u00fcr Innere Medizin","isPartOf":{"@id":"https:\/\/www.dietestseite.online\/#website"},"datePublished":"2025-11-27T09:40:56+00:00","dateModified":"2026-01-31T11:00:18+00:00","breadcrumb":{"@id":"https:\/\/www.dietestseite.online\/?page_id=29#breadcrumb"},"inLanguage":"de","potentialAction":[{"@type":"ReadAction","target":["https:\/\/www.dietestseite.online\/?page_id=29"]}]},{"@type":"BreadcrumbList","@id":"https:\/\/www.dietestseite.online\/?page_id=29#breadcrumb","itemListElement":[{"@type":"ListItem","position":1,"name":"Startseite","item":"https:\/\/www.dietestseite.online\/"},{"@type":"ListItem","position":2,"name":"Unsere Praxis"}]},{"@type":"WebSite","@id":"https:\/\/www.dietestseite.online\/#website","url":"https:\/\/www.dietestseite.online\/","name":"dr. med. Matthias Horst \u2013 Facharzt f\u00fcr Innere Medizin","description":"dr. med. Matthias Horst \u2013 Facharzt f\u00fcr Innere Medizin","publisher":{"@id":"https:\/\/www.dietestseite.online\/#organization"},"potentialAction":[{"@type":"SearchAction","target":{"@type":"EntryPoint","urlTemplate":"https:\/\/www.dietestseite.online\/?s={search_term_string}"},"query-input":{"@type":"PropertyValueSpecification","valueRequired":true,"valueName":"search_term_string"}}],"inLanguage":"de"},{"@type":"Organization","@id":"https:\/\/www.dietestseite.online\/#organization","name":"dr. med. Matthias Horst \u2013 Facharzt f\u00fcr Innere Medizin","url":"https:\/\/www.dietestseite.online\/","logo":{"@type":"ImageObject","inLanguage":"de","@id":"https:\/\/www.dietestseite.online\/#\/schema\/logo\/image\/","url":"https:\/\/www.dietestseite.online\/wp-content\/uploads\/2025\/11\/logo1.png","contentUrl":"https:\/\/www.dietestseite.online\/wp-content\/uploads\/2025\/11\/logo1.png","width":555,"height":133,"caption":"dr. med. Matthias Horst \u2013 Facharzt f\u00fcr Innere Medizin"},"image":{"@id":"https:\/\/www.dietestseite.online\/#\/schema\/logo\/image\/"}}]}},"_links":{"self":[{"href":"https:\/\/www.dietestseite.online\/index.php?rest_route=\/wp\/v2\/pages\/29","targetHints":{"allow":["GET"]}}],"collection":[{"href":"https:\/\/www.dietestseite.online\/index.php?rest_route=\/wp\/v2\/pages"}],"about":[{"href":"https:\/\/www.dietestseite.online\/index.php?rest_route=\/wp\/v2\/types\/page"}],"author":[{"embeddable":true,"href":"https:\/\/www.dietestseite.online\/index.php?rest_route=\/wp\/v2\/users\/1"}],"replies":[{"embeddable":true,"href":"https:\/\/www.dietestseite.online\/index.php?rest_route=%2Fwp%2Fv2%2Fcomments&post=29"}],"version-history":[{"count":7,"href":"https:\/\/www.dietestseite.online\/index.php?rest_route=\/wp\/v2\/pages\/29\/revisions"}],"predecessor-version":[{"id":93,"href":"https:\/\/www.dietestseite.online\/index.php?rest_route=\/wp\/v2\/pages\/29\/revisions\/93"}],"wp:attachment":[{"href":"https:\/\/www.dietestseite.online\/index.php?rest_route=%2Fwp%2Fv2%2Fmedia&parent=29"}],"curies":[{"name":"wp","href":"https:\/\/api.w.org\/{rel}","templated":true}]}}