{"id":36,"date":"2025-11-27T09:43:45","date_gmt":"2025-11-27T09:43:45","guid":{"rendered":"https:\/\/www.dietestseite.online\/?page_id=36"},"modified":"2026-01-31T10:59:32","modified_gmt":"2026-01-31T10:59:32","slug":"service-termin","status":"publish","type":"page","link":"https:\/\/www.dietestseite.online\/?page_id=36","title":{"rendered":"Service &amp; Termin"},"content":{"rendered":"\t\t<div data-elementor-type=\"wp-page\" data-elementor-id=\"36\" class=\"elementor elementor-36\">\n\t\t\t\t<div class=\"elementor-element elementor-element-622d9fbb e-con-full e-flex e-con e-parent\" data-id=\"622d9fbb\" data-element_type=\"container\">\n\t\t\t\t<div class=\"elementor-element elementor-element-5e8d56ac elementor-widget elementor-widget-text-editor\" data-id=\"5e8d56ac\" data-element_type=\"widget\" data-widget_type=\"text-editor.default\">\n\t\t\t\t\t\t\t\t\t\n<p data-start=\"5068\" data-end=\"5231\"><strong data-start=\"5068\" data-end=\"5091\">Terminvereinbarung:<\/strong><br data-start=\"5091\" data-end=\"5094\" \/>Zurzeit befinden wir uns noch im Aufbau der technischen Infrastruktur. Termine k\u00f6nnen Sie daher aktuell am besten per E-Mail vereinbaren:<\/p>\n<p data-start=\"5233\" data-end=\"5274\">\ud83d\udce7 <strong data-start=\"5236\" data-end=\"5274\"><a class=\"decorated-link cursor-pointer\" rel=\"noopener\" data-start=\"5238\" data-end=\"5272\">terminwunsch@hausarzt-st-toenis.de<\/a><\/strong><\/p>\n<p data-start=\"5276\" data-end=\"5314\">Bitte geben Sie in Ihrer Nachricht an:<\/p>\n<ul data-start=\"5315\" data-end=\"5434\">\n<li data-start=\"5315\" data-end=\"5344\">\n<p data-start=\"5317\" data-end=\"5344\">Ihren vollst\u00e4ndigen Namen<\/p>\n<\/li>\n<li data-start=\"5345\" data-end=\"5381\">\n<p data-start=\"5347\" data-end=\"5381\">Ihre telefonische Erreichbarkeit<\/p>\n<\/li>\n<li data-start=\"5382\" data-end=\"5434\">\n<p data-start=\"5384\" data-end=\"5434\">Ihren Terminwunsch (Vormittags oder Nachmittags)<\/p>\n<\/li>\n<\/ul>\n<p data-start=\"5436\" data-end=\"5524\">Wir rufen Sie innerhalb der Sprechzeiten zur\u00fcck oder best\u00e4tigen Ihren Termin per E-Mail.<\/p>\n<p data-start=\"5436\" data-end=\"5524\">Rezeptw\u00fcnsch f\u00fcr Dauermedikationen k\u00f6nnen unter rezeptwunsch@hausarzt-st-toenis.de angefordert werden.<\/p>\n<p data-start=\"5526\" data-end=\"5543\"><strong data-start=\"5526\" data-end=\"5543\">Sprechzeiten:<\/strong><\/p>\n<div class=\"_tableContainer_1rjym_1\">\n<div class=\"group _tableWrapper_1rjym_13 flex w-fit flex-col-reverse\" tabindex=\"-1\">\n<table class=\"w-fit min-w-(--thread-content-width)\" data-start=\"5545\" data-end=\"5911\">\n<thead data-start=\"5545\" data-end=\"5597\">\n<tr data-start=\"5545\" data-end=\"5597\">\n<th data-start=\"5545\" data-end=\"5557\" data-col-size=\"sm\">Tag<\/th>\n<th data-start=\"5557\" data-end=\"5576\" data-col-size=\"sm\">Vormittag<\/th>\n<th data-start=\"5576\" data-end=\"5597\" data-col-size=\"sm\">Nachmittag<\/th>\n<\/tr>\n<\/thead>\n<tbody data-start=\"5650\" data-end=\"5911\">\n<tr data-start=\"5650\" data-end=\"5701\">\n<td data-start=\"5650\" data-end=\"5661\" data-col-size=\"sm\">Montag<\/td>\n<td data-start=\"5661\" data-end=\"5680\" data-col-size=\"sm\">8:00 \u2013 12:00 Uhr<\/td>\n<td data-start=\"5680\" data-end=\"5701\" data-col-size=\"sm\">14:00 \u2013 17:00 Uhr<\/td>\n<\/tr>\n<tr data-start=\"5702\" data-end=\"5753\">\n<td data-start=\"5702\" data-end=\"5713\" data-col-size=\"sm\">Dienstag<\/td>\n<td data-start=\"5713\" data-end=\"5732\" data-col-size=\"sm\">8:00 \u2013 12:00 Uhr<\/td>\n<td data-start=\"5732\" data-end=\"5753\" data-col-size=\"sm\">14:00 \u2013 17:00 Uhr<\/td>\n<\/tr>\n<tr data-start=\"5754\" data-end=\"5805\">\n<td data-start=\"5754\" data-end=\"5765\" data-col-size=\"sm\">Mittwoch<\/td>\n<td data-start=\"5765\" data-end=\"5784\" data-col-size=\"sm\">8:00 \u2013 12:00 Uhr<\/td>\n<td data-start=\"5784\" data-end=\"5805\" data-col-size=\"sm\">\u2013<\/td>\n<\/tr>\n<tr data-start=\"5806\" data-end=\"5859\">\n<td data-start=\"5806\" data-end=\"5819\" data-col-size=\"sm\">Donnerstag<\/td>\n<td data-start=\"5819\" data-end=\"5838\" data-col-size=\"sm\">8:00 \u2013 12:00 Uhr<\/td>\n<td data-col-size=\"sm\" data-start=\"5838\" data-end=\"5859\">14:00 \u2013 18:30 Uhr<\/td>\n<\/tr>\n<tr data-start=\"5860\" data-end=\"5911\">\n<td data-start=\"5860\" data-end=\"5871\" data-col-size=\"sm\">Freitag<\/td>\n<td data-start=\"5871\" data-end=\"5890\" data-col-size=\"sm\">8:00 \u2013 12:00 Uhr<\/td>\n<td data-start=\"5890\" data-end=\"5911\" data-col-size=\"sm\">\u2013<\/td>\n<\/tr>\n<\/tbody>\n<\/table>\n<\/div>\n<\/div>\n\t\t\t\t\t\t\t\t<\/div>\n\t\t\t\t<\/div>\n\t\t\t\t<\/div>\n\t\t","protected":false},"excerpt":{"rendered":"<p>Terminvereinbarung:Zurzeit befinden wir uns noch im Aufbau der technischen Infrastruktur. Termine k\u00f6nnen Sie daher aktuell am besten per E-Mail vereinbaren: \ud83d\udce7 terminwunsch@hausarzt-st-toenis.de Bitte geben Sie in Ihrer Nachricht an: Ihren vollst\u00e4ndigen Namen Ihre telefonische Erreichbarkeit Ihren Terminwunsch (Vormittags oder Nachmittags) Wir rufen Sie innerhalb der Sprechzeiten zur\u00fcck oder best\u00e4tigen Ihren Termin per E-Mail. Rezeptw\u00fcnsch f\u00fcr [&hellip;]<\/p>\n","protected":false},"author":1,"featured_media":0,"parent":0,"menu_order":0,"comment_status":"closed","ping_status":"closed","template":"","meta":{"footnotes":""},"class_list":["post-36","page","type-page","status-publish","hentry"],"blocksy_meta":[],"yoast_head":"<!-- This site is optimized with the Yoast SEO plugin v26.6 - https:\/\/yoast.com\/wordpress\/plugins\/seo\/ -->\n<title>Service &amp; Termin - dr. med. Matthias Horst \u2013 Facharzt f\u00fcr Innere Medizin<\/title>\n<meta name=\"robots\" content=\"noindex, follow, max-snippet:-1, max-image-preview:large, max-video-preview:-1\" \/>\n<meta property=\"og:locale\" content=\"de_DE\" \/>\n<meta property=\"og:type\" content=\"article\" \/>\n<meta property=\"og:title\" content=\"Service &amp; Termin - dr. med. Matthias Horst \u2013 Facharzt f\u00fcr Innere Medizin\" \/>\n<meta property=\"og:description\" content=\"Terminvereinbarung:Zurzeit befinden wir uns noch im Aufbau der technischen Infrastruktur. Termine k\u00f6nnen Sie daher aktuell am besten per E-Mail vereinbaren: \ud83d\udce7 terminwunsch@hausarzt-st-toenis.de Bitte geben Sie in Ihrer Nachricht an: Ihren vollst\u00e4ndigen Namen Ihre telefonische Erreichbarkeit Ihren Terminwunsch (Vormittags oder Nachmittags) Wir rufen Sie innerhalb der Sprechzeiten zur\u00fcck oder best\u00e4tigen Ihren Termin per E-Mail. Rezeptw\u00fcnsch f\u00fcr [&hellip;]\" \/>\n<meta property=\"og:url\" content=\"https:\/\/www.dietestseite.online\/?page_id=36\" \/>\n<meta property=\"og:site_name\" content=\"dr. med. Matthias Horst \u2013 Facharzt f\u00fcr Innere Medizin\" \/>\n<meta property=\"article:modified_time\" content=\"2026-01-31T10:59:32+00:00\" \/>\n<meta name=\"twitter:card\" content=\"summary_large_image\" \/>\n<meta name=\"twitter:label1\" content=\"Gesch\u00e4tzte Lesezeit\" \/>\n\t<meta name=\"twitter:data1\" content=\"1\u00a0Minute\" \/>\n<script type=\"application\/ld+json\" class=\"yoast-schema-graph\">{\"@context\":\"https:\/\/schema.org\",\"@graph\":[{\"@type\":\"WebPage\",\"@id\":\"https:\/\/www.dietestseite.online\/?page_id=36\",\"url\":\"https:\/\/www.dietestseite.online\/?page_id=36\",\"name\":\"Service &amp; Termin - dr. med. Matthias Horst \u2013 Facharzt f\u00fcr Innere Medizin\",\"isPartOf\":{\"@id\":\"https:\/\/www.dietestseite.online\/#website\"},\"datePublished\":\"2025-11-27T09:43:45+00:00\",\"dateModified\":\"2026-01-31T10:59:32+00:00\",\"breadcrumb\":{\"@id\":\"https:\/\/www.dietestseite.online\/?page_id=36#breadcrumb\"},\"inLanguage\":\"de\",\"potentialAction\":[{\"@type\":\"ReadAction\",\"target\":[\"https:\/\/www.dietestseite.online\/?page_id=36\"]}]},{\"@type\":\"BreadcrumbList\",\"@id\":\"https:\/\/www.dietestseite.online\/?page_id=36#breadcrumb\",\"itemListElement\":[{\"@type\":\"ListItem\",\"position\":1,\"name\":\"Startseite\",\"item\":\"https:\/\/www.dietestseite.online\/\"},{\"@type\":\"ListItem\",\"position\":2,\"name\":\"Service &amp; Termin\"}]},{\"@type\":\"WebSite\",\"@id\":\"https:\/\/www.dietestseite.online\/#website\",\"url\":\"https:\/\/www.dietestseite.online\/\",\"name\":\"dr. med. Matthias Horst \u2013 Facharzt f\u00fcr Innere Medizin\",\"description\":\"dr. med. Matthias Horst \u2013 Facharzt f\u00fcr Innere Medizin\",\"publisher\":{\"@id\":\"https:\/\/www.dietestseite.online\/#organization\"},\"potentialAction\":[{\"@type\":\"SearchAction\",\"target\":{\"@type\":\"EntryPoint\",\"urlTemplate\":\"https:\/\/www.dietestseite.online\/?s={search_term_string}\"},\"query-input\":{\"@type\":\"PropertyValueSpecification\",\"valueRequired\":true,\"valueName\":\"search_term_string\"}}],\"inLanguage\":\"de\"},{\"@type\":\"Organization\",\"@id\":\"https:\/\/www.dietestseite.online\/#organization\",\"name\":\"dr. med. Matthias Horst \u2013 Facharzt f\u00fcr Innere Medizin\",\"url\":\"https:\/\/www.dietestseite.online\/\",\"logo\":{\"@type\":\"ImageObject\",\"inLanguage\":\"de\",\"@id\":\"https:\/\/www.dietestseite.online\/#\/schema\/logo\/image\/\",\"url\":\"https:\/\/www.dietestseite.online\/wp-content\/uploads\/2025\/11\/logo1.png\",\"contentUrl\":\"https:\/\/www.dietestseite.online\/wp-content\/uploads\/2025\/11\/logo1.png\",\"width\":555,\"height\":133,\"caption\":\"dr. med. Matthias Horst \u2013 Facharzt f\u00fcr Innere Medizin\"},\"image\":{\"@id\":\"https:\/\/www.dietestseite.online\/#\/schema\/logo\/image\/\"}}]}<\/script>\n<!-- \/ Yoast SEO plugin. -->","yoast_head_json":{"title":"Service &amp; Termin - dr. med. Matthias Horst \u2013 Facharzt f\u00fcr Innere Medizin","robots":{"index":"noindex","follow":"follow","max-snippet":"max-snippet:-1","max-image-preview":"max-image-preview:large","max-video-preview":"max-video-preview:-1"},"og_locale":"de_DE","og_type":"article","og_title":"Service &amp; Termin - dr. med. Matthias Horst \u2013 Facharzt f\u00fcr Innere Medizin","og_description":"Terminvereinbarung:Zurzeit befinden wir uns noch im Aufbau der technischen Infrastruktur. Termine k\u00f6nnen Sie daher aktuell am besten per E-Mail vereinbaren: \ud83d\udce7 terminwunsch@hausarzt-st-toenis.de Bitte geben Sie in Ihrer Nachricht an: Ihren vollst\u00e4ndigen Namen Ihre telefonische Erreichbarkeit Ihren Terminwunsch (Vormittags oder Nachmittags) Wir rufen Sie innerhalb der Sprechzeiten zur\u00fcck oder best\u00e4tigen Ihren Termin per E-Mail. Rezeptw\u00fcnsch f\u00fcr [&hellip;]","og_url":"https:\/\/www.dietestseite.online\/?page_id=36","og_site_name":"dr. med. Matthias Horst \u2013 Facharzt f\u00fcr Innere Medizin","article_modified_time":"2026-01-31T10:59:32+00:00","twitter_card":"summary_large_image","twitter_misc":{"Gesch\u00e4tzte Lesezeit":"1\u00a0Minute"},"schema":{"@context":"https:\/\/schema.org","@graph":[{"@type":"WebPage","@id":"https:\/\/www.dietestseite.online\/?page_id=36","url":"https:\/\/www.dietestseite.online\/?page_id=36","name":"Service &amp; Termin - dr. med. Matthias Horst \u2013 Facharzt f\u00fcr Innere Medizin","isPartOf":{"@id":"https:\/\/www.dietestseite.online\/#website"},"datePublished":"2025-11-27T09:43:45+00:00","dateModified":"2026-01-31T10:59:32+00:00","breadcrumb":{"@id":"https:\/\/www.dietestseite.online\/?page_id=36#breadcrumb"},"inLanguage":"de","potentialAction":[{"@type":"ReadAction","target":["https:\/\/www.dietestseite.online\/?page_id=36"]}]},{"@type":"BreadcrumbList","@id":"https:\/\/www.dietestseite.online\/?page_id=36#breadcrumb","itemListElement":[{"@type":"ListItem","position":1,"name":"Startseite","item":"https:\/\/www.dietestseite.online\/"},{"@type":"ListItem","position":2,"name":"Service &amp; Termin"}]},{"@type":"WebSite","@id":"https:\/\/www.dietestseite.online\/#website","url":"https:\/\/www.dietestseite.online\/","name":"dr. med. Matthias Horst \u2013 Facharzt f\u00fcr Innere Medizin","description":"dr. med. Matthias Horst \u2013 Facharzt f\u00fcr Innere Medizin","publisher":{"@id":"https:\/\/www.dietestseite.online\/#organization"},"potentialAction":[{"@type":"SearchAction","target":{"@type":"EntryPoint","urlTemplate":"https:\/\/www.dietestseite.online\/?s={search_term_string}"},"query-input":{"@type":"PropertyValueSpecification","valueRequired":true,"valueName":"search_term_string"}}],"inLanguage":"de"},{"@type":"Organization","@id":"https:\/\/www.dietestseite.online\/#organization","name":"dr. med. Matthias Horst \u2013 Facharzt f\u00fcr Innere Medizin","url":"https:\/\/www.dietestseite.online\/","logo":{"@type":"ImageObject","inLanguage":"de","@id":"https:\/\/www.dietestseite.online\/#\/schema\/logo\/image\/","url":"https:\/\/www.dietestseite.online\/wp-content\/uploads\/2025\/11\/logo1.png","contentUrl":"https:\/\/www.dietestseite.online\/wp-content\/uploads\/2025\/11\/logo1.png","width":555,"height":133,"caption":"dr. med. Matthias Horst \u2013 Facharzt f\u00fcr Innere Medizin"},"image":{"@id":"https:\/\/www.dietestseite.online\/#\/schema\/logo\/image\/"}}]}},"_links":{"self":[{"href":"https:\/\/www.dietestseite.online\/index.php?rest_route=\/wp\/v2\/pages\/36","targetHints":{"allow":["GET"]}}],"collection":[{"href":"https:\/\/www.dietestseite.online\/index.php?rest_route=\/wp\/v2\/pages"}],"about":[{"href":"https:\/\/www.dietestseite.online\/index.php?rest_route=\/wp\/v2\/types\/page"}],"author":[{"embeddable":true,"href":"https:\/\/www.dietestseite.online\/index.php?rest_route=\/wp\/v2\/users\/1"}],"replies":[{"embeddable":true,"href":"https:\/\/www.dietestseite.online\/index.php?rest_route=%2Fwp%2Fv2%2Fcomments&post=36"}],"version-history":[{"count":7,"href":"https:\/\/www.dietestseite.online\/index.php?rest_route=\/wp\/v2\/pages\/36\/revisions"}],"predecessor-version":[{"id":90,"href":"https:\/\/www.dietestseite.online\/index.php?rest_route=\/wp\/v2\/pages\/36\/revisions\/90"}],"wp:attachment":[{"href":"https:\/\/www.dietestseite.online\/index.php?rest_route=%2Fwp%2Fv2%2Fmedia&parent=36"}],"curies":[{"name":"wp","href":"https:\/\/api.w.org\/{rel}","templated":true}]}}