{"id":7,"date":"2025-11-27T09:15:14","date_gmt":"2025-11-27T09:15:14","guid":{"rendered":"https:\/\/www.dietestseite.online\/?page_id=7"},"modified":"2026-01-31T10:41:37","modified_gmt":"2026-01-31T10:41:37","slug":"startseite","status":"publish","type":"page","link":"https:\/\/www.dietestseite.online\/","title":{"rendered":"Startseite"},"content":{"rendered":"\t\t<div data-elementor-type=\"wp-page\" data-elementor-id=\"7\" class=\"elementor elementor-7\">\n\t\t\t\t<div class=\"elementor-element elementor-element-508902bb e-flex e-con-boxed e-con e-parent\" data-id=\"508902bb\" data-element_type=\"container\">\n\t\t\t\t\t<div class=\"e-con-inner\">\n\t\t\t\t<div class=\"elementor-element elementor-element-30f6071a elementor-widget elementor-widget-text-editor\" data-id=\"30f6071a\" data-element_type=\"widget\" data-widget_type=\"text-editor.default\">\n\t\t\t\t\t\t\t\t\t<p><!-- \/wp:paragraph --><!-- wp:paragraph --><\/p>\n<h2 data-start=\"155\" data-end=\"206\">Hausarztpraxis St. T\u00f6nis \u2013 pers\u00f6nlich f\u00fcr Sie da<\/h2>\n<p data-start=\"208\" data-end=\"361\">Die Hausarztpraxis St. T\u00f6nis von <strong data-start=\"241\" data-end=\"268\">dr. med. Matthias Horst<\/strong> ist Ihre erste Anlaufstelle f\u00fcr medizinische Fragen in St. T\u00f6nis und der umliegenden Region.<\/p>\n<p data-start=\"363\" data-end=\"684\">Als Facharzt f\u00fcr Innere Medizin bietet dr. med. Horst eine umfassende haus\u00e4rztliche Betreuung \u2013 von der Behandlung akuter Erkrankungen bis zur langfristigen Begleitung chronischer Beschwerden. Dabei stehen eine verl\u00e4ssliche \u00e4rztliche Einsch\u00e4tzung, verst\u00e4ndliche Erkl\u00e4rungen und ein vertrauensvolles Miteinander im Mittelpunkt.<\/p>\n<p data-start=\"686\" data-end=\"896\">Haus\u00e4rztliche Medizin bedeutet f\u00fcr uns N\u00e4he, Kontinuit\u00e4t und Verantwortung. Wir m\u00f6chten Sie nicht nur einmal sehen, sondern \u00fcber Jahre begleiten \u2013 bei Vorsorge, im Krankheitsfall und in allen Phasen des Lebens.<\/p>\n<p data-start=\"898\" data-end=\"1142\">Unsere Praxis befindet sich zentral in St. T\u00f6nis im \u00c4rztehaus an der Ringstra\u00dfe. Die modernisierten, barrierefrei erreichbaren R\u00e4umlichkeiten und ein eingespieltes Praxisteam sorgen f\u00fcr eine ruhige Atmosph\u00e4re und einen gut organisierten Ablauf.<\/p>\n<p data-start=\"1144\" data-end=\"1306\">F\u00fcr uns z\u00e4hlt eine Medizin mit Augenma\u00df und pers\u00f6nlichem Bezug \u2013 so, wie man es von einem Hausarzt vor Ort erwartet.<\/p>\n<p><!-- \/wp:paragraph --><!-- wp:heading --><\/p>\n<h2 class=\"wp-block-heading\">Praxis\u00f6ffnungszeiten<\/h2>\n<p><!-- \/wp:heading --><!-- wp:table --><\/p>\n<figure class=\"wp-block-table\">\n<table class=\"has-fixed-layout\">\n<tbody>\n<tr>\n<td>Montag<\/td>\n<td>8:00 \u2013 12:00<\/td>\n<td>14:00 \u2013 17:00<\/td>\n<\/tr>\n<tr>\n<td>Dienstag<\/td>\n<td>8:00 \u2013 12:00<\/td>\n<td>14:00 \u2013 17:00<\/td>\n<\/tr>\n<tr>\n<td>Mittwoch<\/td>\n<td>8:00 \u2013 12:00<\/td>\n<td>&nbsp;<\/td>\n<\/tr>\n<tr>\n<td>Donnerstag<\/td>\n<td>8:00 \u2013 12:00<\/td>\n<td>14:00 \u2013 18:30<\/td>\n<\/tr>\n<tr>\n<td>Freitag<\/td>\n<td>8:00 \u2013 12:00<\/td>\n<td>&nbsp;<\/td>\n<\/tr>\n<\/tbody>\n<\/table>\n<\/figure>\n<p><!-- \/wp:table --><\/p>\t\t\t\t\t\t\t\t<\/div>\n\t\t\t\t\t<\/div>\n\t\t\t\t<\/div>\n\t\t\t\t<\/div>\n\t\t","protected":false},"excerpt":{"rendered":"<p>Hausarztpraxis St. T\u00f6nis \u2013 pers\u00f6nlich f\u00fcr Sie da Die Hausarztpraxis St. T\u00f6nis von dr. med. Matthias Horst ist Ihre erste Anlaufstelle f\u00fcr medizinische Fragen in St. T\u00f6nis und der umliegenden Region. Als Facharzt f\u00fcr Innere Medizin bietet dr. med. Horst eine umfassende haus\u00e4rztliche Betreuung \u2013 von der Behandlung akuter Erkrankungen bis zur langfristigen Begleitung chronischer [&hellip;]<\/p>\n","protected":false},"author":1,"featured_media":0,"parent":0,"menu_order":0,"comment_status":"closed","ping_status":"closed","template":"","meta":{"footnotes":""},"class_list":["post-7","page","type-page","status-publish","hentry"],"blocksy_meta":[],"yoast_head":"<!-- This site is optimized with the Yoast SEO plugin v26.6 - https:\/\/yoast.com\/wordpress\/plugins\/seo\/ -->\n<title>Startseite - dr. med. Matthias Horst \u2013 Facharzt f\u00fcr Innere Medizin<\/title>\n<meta name=\"robots\" content=\"noindex, follow, max-snippet:-1, max-image-preview:large, max-video-preview:-1\" \/>\n<meta property=\"og:locale\" content=\"de_DE\" \/>\n<meta property=\"og:type\" content=\"article\" \/>\n<meta property=\"og:title\" content=\"Startseite - dr. med. Matthias Horst \u2013 Facharzt f\u00fcr Innere Medizin\" \/>\n<meta property=\"og:description\" content=\"Hausarztpraxis St. T\u00f6nis \u2013 pers\u00f6nlich f\u00fcr Sie da Die Hausarztpraxis St. T\u00f6nis von dr. med. Matthias Horst ist Ihre erste Anlaufstelle f\u00fcr medizinische Fragen in St. T\u00f6nis und der umliegenden Region. Als Facharzt f\u00fcr Innere Medizin bietet dr. med. Horst eine umfassende haus\u00e4rztliche Betreuung \u2013 von der Behandlung akuter Erkrankungen bis zur langfristigen Begleitung chronischer [&hellip;]\" \/>\n<meta property=\"og:url\" content=\"https:\/\/www.dietestseite.online\/\" \/>\n<meta property=\"og:site_name\" content=\"dr. med. Matthias Horst \u2013 Facharzt f\u00fcr Innere Medizin\" \/>\n<meta property=\"article:modified_time\" content=\"2026-01-31T10:41:37+00:00\" \/>\n<meta name=\"twitter:card\" content=\"summary_large_image\" \/>\n<meta name=\"twitter:label1\" content=\"Gesch\u00e4tzte Lesezeit\" \/>\n\t<meta name=\"twitter:data1\" content=\"1\u00a0Minute\" \/>\n<script type=\"application\/ld+json\" class=\"yoast-schema-graph\">{\"@context\":\"https:\/\/schema.org\",\"@graph\":[{\"@type\":\"WebPage\",\"@id\":\"https:\/\/www.dietestseite.online\/\",\"url\":\"https:\/\/www.dietestseite.online\/\",\"name\":\"Startseite - dr. med. Matthias Horst \u2013 Facharzt f\u00fcr Innere Medizin\",\"isPartOf\":{\"@id\":\"https:\/\/www.dietestseite.online\/#website\"},\"datePublished\":\"2025-11-27T09:15:14+00:00\",\"dateModified\":\"2026-01-31T10:41:37+00:00\",\"breadcrumb\":{\"@id\":\"https:\/\/www.dietestseite.online\/#breadcrumb\"},\"inLanguage\":\"de\",\"potentialAction\":[{\"@type\":\"ReadAction\",\"target\":[\"https:\/\/www.dietestseite.online\/\"]}]},{\"@type\":\"BreadcrumbList\",\"@id\":\"https:\/\/www.dietestseite.online\/#breadcrumb\",\"itemListElement\":[{\"@type\":\"ListItem\",\"position\":1,\"name\":\"Startseite\",\"item\":\"https:\/\/www.dietestseite.online\/\"},{\"@type\":\"ListItem\",\"position\":2,\"name\":\"Startseite\"}]},{\"@type\":\"WebSite\",\"@id\":\"https:\/\/www.dietestseite.online\/#website\",\"url\":\"https:\/\/www.dietestseite.online\/\",\"name\":\"dr. med. Matthias Horst \u2013 Facharzt f\u00fcr Innere Medizin\",\"description\":\"dr. med. Matthias Horst \u2013 Facharzt f\u00fcr Innere Medizin\",\"publisher\":{\"@id\":\"https:\/\/www.dietestseite.online\/#organization\"},\"potentialAction\":[{\"@type\":\"SearchAction\",\"target\":{\"@type\":\"EntryPoint\",\"urlTemplate\":\"https:\/\/www.dietestseite.online\/?s={search_term_string}\"},\"query-input\":{\"@type\":\"PropertyValueSpecification\",\"valueRequired\":true,\"valueName\":\"search_term_string\"}}],\"inLanguage\":\"de\"},{\"@type\":\"Organization\",\"@id\":\"https:\/\/www.dietestseite.online\/#organization\",\"name\":\"dr. med. Matthias Horst \u2013 Facharzt f\u00fcr Innere Medizin\",\"url\":\"https:\/\/www.dietestseite.online\/\",\"logo\":{\"@type\":\"ImageObject\",\"inLanguage\":\"de\",\"@id\":\"https:\/\/www.dietestseite.online\/#\/schema\/logo\/image\/\",\"url\":\"https:\/\/www.dietestseite.online\/wp-content\/uploads\/2025\/11\/logo1.png\",\"contentUrl\":\"https:\/\/www.dietestseite.online\/wp-content\/uploads\/2025\/11\/logo1.png\",\"width\":555,\"height\":133,\"caption\":\"dr. med. Matthias Horst \u2013 Facharzt f\u00fcr Innere Medizin\"},\"image\":{\"@id\":\"https:\/\/www.dietestseite.online\/#\/schema\/logo\/image\/\"}}]}<\/script>\n<!-- \/ Yoast SEO plugin. -->","yoast_head_json":{"title":"Startseite - dr. med. Matthias Horst \u2013 Facharzt f\u00fcr Innere Medizin","robots":{"index":"noindex","follow":"follow","max-snippet":"max-snippet:-1","max-image-preview":"max-image-preview:large","max-video-preview":"max-video-preview:-1"},"og_locale":"de_DE","og_type":"article","og_title":"Startseite - dr. med. Matthias Horst \u2013 Facharzt f\u00fcr Innere Medizin","og_description":"Hausarztpraxis St. T\u00f6nis \u2013 pers\u00f6nlich f\u00fcr Sie da Die Hausarztpraxis St. T\u00f6nis von dr. med. Matthias Horst ist Ihre erste Anlaufstelle f\u00fcr medizinische Fragen in St. T\u00f6nis und der umliegenden Region. Als Facharzt f\u00fcr Innere Medizin bietet dr. med. Horst eine umfassende haus\u00e4rztliche Betreuung \u2013 von der Behandlung akuter Erkrankungen bis zur langfristigen Begleitung chronischer [&hellip;]","og_url":"https:\/\/www.dietestseite.online\/","og_site_name":"dr. med. Matthias Horst \u2013 Facharzt f\u00fcr Innere Medizin","article_modified_time":"2026-01-31T10:41:37+00:00","twitter_card":"summary_large_image","twitter_misc":{"Gesch\u00e4tzte Lesezeit":"1\u00a0Minute"},"schema":{"@context":"https:\/\/schema.org","@graph":[{"@type":"WebPage","@id":"https:\/\/www.dietestseite.online\/","url":"https:\/\/www.dietestseite.online\/","name":"Startseite - dr. med. Matthias Horst \u2013 Facharzt f\u00fcr Innere Medizin","isPartOf":{"@id":"https:\/\/www.dietestseite.online\/#website"},"datePublished":"2025-11-27T09:15:14+00:00","dateModified":"2026-01-31T10:41:37+00:00","breadcrumb":{"@id":"https:\/\/www.dietestseite.online\/#breadcrumb"},"inLanguage":"de","potentialAction":[{"@type":"ReadAction","target":["https:\/\/www.dietestseite.online\/"]}]},{"@type":"BreadcrumbList","@id":"https:\/\/www.dietestseite.online\/#breadcrumb","itemListElement":[{"@type":"ListItem","position":1,"name":"Startseite","item":"https:\/\/www.dietestseite.online\/"},{"@type":"ListItem","position":2,"name":"Startseite"}]},{"@type":"WebSite","@id":"https:\/\/www.dietestseite.online\/#website","url":"https:\/\/www.dietestseite.online\/","name":"dr. med. Matthias Horst \u2013 Facharzt f\u00fcr Innere Medizin","description":"dr. med. Matthias Horst \u2013 Facharzt f\u00fcr Innere Medizin","publisher":{"@id":"https:\/\/www.dietestseite.online\/#organization"},"potentialAction":[{"@type":"SearchAction","target":{"@type":"EntryPoint","urlTemplate":"https:\/\/www.dietestseite.online\/?s={search_term_string}"},"query-input":{"@type":"PropertyValueSpecification","valueRequired":true,"valueName":"search_term_string"}}],"inLanguage":"de"},{"@type":"Organization","@id":"https:\/\/www.dietestseite.online\/#organization","name":"dr. med. Matthias Horst \u2013 Facharzt f\u00fcr Innere Medizin","url":"https:\/\/www.dietestseite.online\/","logo":{"@type":"ImageObject","inLanguage":"de","@id":"https:\/\/www.dietestseite.online\/#\/schema\/logo\/image\/","url":"https:\/\/www.dietestseite.online\/wp-content\/uploads\/2025\/11\/logo1.png","contentUrl":"https:\/\/www.dietestseite.online\/wp-content\/uploads\/2025\/11\/logo1.png","width":555,"height":133,"caption":"dr. med. Matthias Horst \u2013 Facharzt f\u00fcr Innere Medizin"},"image":{"@id":"https:\/\/www.dietestseite.online\/#\/schema\/logo\/image\/"}}]}},"_links":{"self":[{"href":"https:\/\/www.dietestseite.online\/index.php?rest_route=\/wp\/v2\/pages\/7","targetHints":{"allow":["GET"]}}],"collection":[{"href":"https:\/\/www.dietestseite.online\/index.php?rest_route=\/wp\/v2\/pages"}],"about":[{"href":"https:\/\/www.dietestseite.online\/index.php?rest_route=\/wp\/v2\/types\/page"}],"author":[{"embeddable":true,"href":"https:\/\/www.dietestseite.online\/index.php?rest_route=\/wp\/v2\/users\/1"}],"replies":[{"embeddable":true,"href":"https:\/\/www.dietestseite.online\/index.php?rest_route=%2Fwp%2Fv2%2Fcomments&post=7"}],"version-history":[{"count":8,"href":"https:\/\/www.dietestseite.online\/index.php?rest_route=\/wp\/v2\/pages\/7\/revisions"}],"predecessor-version":[{"id":84,"href":"https:\/\/www.dietestseite.online\/index.php?rest_route=\/wp\/v2\/pages\/7\/revisions\/84"}],"wp:attachment":[{"href":"https:\/\/www.dietestseite.online\/index.php?rest_route=%2Fwp%2Fv2%2Fmedia&parent=7"}],"curies":[{"name":"wp","href":"https:\/\/api.w.org\/{rel}","templated":true}]}}